{"id":360,"date":"2014-12-12T11:15:09","date_gmt":"2014-12-12T10:15:09","guid":{"rendered":"http:\/\/www.zahnarzt-mauer.at\/?page_id=360"},"modified":"2023-09-26T15:56:30","modified_gmt":"2023-09-26T14:56:30","slug":"professionelle-mundhygiene","status":"publish","type":"page","link":"https:\/\/www.zahnarzt-mauer.at\/?page_id=360","title":{"rendered":"Professionelle Mundhygiene"},"content":{"rendered":"<p><img loading=\"lazy\" decoding=\"async\" class=\"aligncenter size-large wp-image-440\" src=\"https:\/\/www.zahnarzt-mauer.at\/wp-content\/uploads\/2023\/09\/mundhygiene-1024x724.png\" alt=\"\" width=\"625\" height=\"442\" srcset=\"https:\/\/www.zahnarzt-mauer.at\/wp-content\/uploads\/2023\/09\/mundhygiene-1024x724.png 1024w, https:\/\/www.zahnarzt-mauer.at\/wp-content\/uploads\/2023\/09\/mundhygiene-300x212.png 300w, https:\/\/www.zahnarzt-mauer.at\/wp-content\/uploads\/2023\/09\/mundhygiene-768x543.png 768w, https:\/\/www.zahnarzt-mauer.at\/wp-content\/uploads\/2023\/09\/mundhygiene-1536x1086.png 1536w, https:\/\/www.zahnarzt-mauer.at\/wp-content\/uploads\/2023\/09\/mundhygiene-2048x1448.png 2048w, https:\/\/www.zahnarzt-mauer.at\/wp-content\/uploads\/2023\/09\/mundhygiene-624x441.png 624w\" sizes=\"auto, (max-width: 625px) 100vw, 625px\" \/><\/p>\n<p>Wir bieten wieder Mundhygiene an!<br \/>\nBesonders sanft, besonders gr\u00fcndlich!<br \/>\nMontag 15:00-18:15<br \/>\nDienstag 7:30-12:30<br \/>\nMittwoch 7:30-15:00<\/p>\n<p data-renderer-start-pos=\"1131\">Absagen bitte bis 24h vor dem Termin. Sp\u00e4tere Absagen k\u00f6nnen nicht ber\u00fccksichtigt werden und m\u00fcssen in Rechnung gestellt\u00a0werden.<\/p>\n","protected":false},"excerpt":{"rendered":"<p>Wir bieten wieder Mundhygiene an! Besonders sanft, besonders gr\u00fcndlich! Montag 15:00-18:15 Dienstag 7:30-12:30 Mittwoch 7:30-15:00 Absagen bitte bis 24h vor dem Termin. Sp\u00e4tere Absagen k\u00f6nnen nicht ber\u00fccksichtigt werden und m\u00fcssen in Rechnung gestellt\u00a0werden.<\/p>\n","protected":false},"author":1,"featured_media":0,"parent":10,"menu_order":0,"comment_status":"closed","ping_status":"closed","template":"","meta":{"_exactmetrics_skip_tracking":false,"_exactmetrics_sitenote_active":false,"_exactmetrics_sitenote_note":"","_exactmetrics_sitenote_category":0,"footnotes":""},"class_list":["post-360","page","type-page","status-publish","hentry"],"_links":{"self":[{"href":"https:\/\/www.zahnarzt-mauer.at\/index.php?rest_route=\/wp\/v2\/pages\/360","targetHints":{"allow":["GET"]}}],"collection":[{"href":"https:\/\/www.zahnarzt-mauer.at\/index.php?rest_route=\/wp\/v2\/pages"}],"about":[{"href":"https:\/\/www.zahnarzt-mauer.at\/index.php?rest_route=\/wp\/v2\/types\/page"}],"author":[{"embeddable":true,"href":"https:\/\/www.zahnarzt-mauer.at\/index.php?rest_route=\/wp\/v2\/users\/1"}],"replies":[{"embeddable":true,"href":"https:\/\/www.zahnarzt-mauer.at\/index.php?rest_route=%2Fwp%2Fv2%2Fcomments&post=360"}],"version-history":[{"count":5,"href":"https:\/\/www.zahnarzt-mauer.at\/index.php?rest_route=\/wp\/v2\/pages\/360\/revisions"}],"predecessor-version":[{"id":441,"href":"https:\/\/www.zahnarzt-mauer.at\/index.php?rest_route=\/wp\/v2\/pages\/360\/revisions\/441"}],"up":[{"embeddable":true,"href":"https:\/\/www.zahnarzt-mauer.at\/index.php?rest_route=\/wp\/v2\/pages\/10"}],"wp:attachment":[{"href":"https:\/\/www.zahnarzt-mauer.at\/index.php?rest_route=%2Fwp%2Fv2%2Fmedia&parent=360"}],"curies":[{"name":"wp","href":"https:\/\/api.w.org\/{rel}","templated":true}]}}