{"id":227,"date":"2014-11-04T16:40:15","date_gmt":"2014-11-04T14:40:15","guid":{"rendered":"http:\/\/www.zahnarzt-mauer.at\/?page_id=227"},"modified":"2014-12-03T15:39:24","modified_gmt":"2014-12-03T14:39:24","slug":"behandlung-in-narkose","status":"publish","type":"page","link":"https:\/\/www.zahnarzt-mauer.at\/?page_id=227","title":{"rendered":"Behandlung in Narkose"},"content":{"rendered":"<div id=\"content\" class=\"span-950 border\">\n<div id=\"main\" class=\"twoColumns float-left\">\n<p>Bei einer Allgemeinan\u00e4sthesie, der sogenannten Vollnarkose, wird der Patient in einen schlaf\u00e4hnlichen, empfindungsfreien Zustand versetzt. Dank modernster Medikamente und \u00dcberwachungsger\u00e4te besteht heute kein Anlass mehr sich vor Komplikationen Sorgen zu machen.<\/p>\n<p>In einer Sitzung werden alle Zahnprobleme im Schlaf gel\u00f6st. Beim Erwachen sind s\u00e4mtliche Z\u00e4hne saniert und die kaputten entfernt.<\/p>\n<p>Gerade in F\u00e4llen einer ausgedehnten kari\u00f6sen Zerst\u00f6rung des Milchgebisses ist die Narkosebehandlung die einzige M\u00f6glichkeit der Zahnsanierung. Auch f\u00fcr behinderte Menschen stellt diese Methode der Zahnbehandlung oft die einzige Behandlungsm\u00f6glichkeit dar. Aber auch f\u00fcr Erwachsene mit ausgepr\u00e4gter Zahnarztangst oder extremen Brechreiz ist die Narkosebehandlung die einzige M\u00f6glichkeit einer Zahnsanierung.<\/p>\n<p>Seit 1997 haben wir einmal w\u00f6chentlich jeden Donnerstag unseren Narkosetag. Am 21.Februar 2013 haben wir unsere 2000. Narkosebehandlung durchgef\u00fchrt. Der tapferen Maxime wurden (aus Platzmangel f\u00fcr die bleibenden Z\u00e4hne) 11 Z\u00e4hne entfernt. Sie war sehr froh dar\u00fcber, dass sie dabei schlafen konnte und nichts davon mitbekommen hat.<\/p>\n<p><a href=\"https:\/\/www.zahnarzt-mauer.at\/wp-content\/uploads\/2014\/10\/west08_Zahnarzt1.jpg\"><img loading=\"lazy\" decoding=\"async\" class=\"aligncenter wp-image-171 size-large\" src=\"https:\/\/www.zahnarzt-mauer.at\/wp-content\/uploads\/2014\/10\/west08_Zahnarzt1-1024x739.jpg\" alt=\"west08_Zahnarzt1\" width=\"625\" height=\"451\" srcset=\"https:\/\/www.zahnarzt-mauer.at\/wp-content\/uploads\/2014\/10\/west08_Zahnarzt1-1024x739.jpg 1024w, https:\/\/www.zahnarzt-mauer.at\/wp-content\/uploads\/2014\/10\/west08_Zahnarzt1-300x217.jpg 300w, https:\/\/www.zahnarzt-mauer.at\/wp-content\/uploads\/2014\/10\/west08_Zahnarzt1-624x451.jpg 624w\" sizes=\"auto, (max-width: 625px) 100vw, 625px\" \/><\/a><\/p>\n<\/div>\n<\/div>\n","protected":false},"excerpt":{"rendered":"<p>Bei einer Allgemeinan\u00e4sthesie, der sogenannten Vollnarkose, wird der Patient in einen schlaf\u00e4hnlichen, empfindungsfreien Zustand versetzt. Dank modernster Medikamente und \u00dcberwachungsger\u00e4te besteht heute kein Anlass mehr sich vor Komplikationen Sorgen zu machen. In einer Sitzung werden alle Zahnprobleme im Schlaf gel\u00f6st. Beim Erwachen sind s\u00e4mtliche Z\u00e4hne saniert und die kaputten entfernt. Gerade in F\u00e4llen einer ausgedehnten [&hellip;]<\/p>\n","protected":false},"author":1,"featured_media":0,"parent":12,"menu_order":0,"comment_status":"closed","ping_status":"open","template":"page-templates\/full-width.php","meta":{"_exactmetrics_skip_tracking":false,"_exactmetrics_sitenote_active":false,"_exactmetrics_sitenote_note":"","_exactmetrics_sitenote_category":0,"footnotes":""},"class_list":["post-227","page","type-page","status-publish","hentry"],"_links":{"self":[{"href":"https:\/\/www.zahnarzt-mauer.at\/index.php?rest_route=\/wp\/v2\/pages\/227","targetHints":{"allow":["GET"]}}],"collection":[{"href":"https:\/\/www.zahnarzt-mauer.at\/index.php?rest_route=\/wp\/v2\/pages"}],"about":[{"href":"https:\/\/www.zahnarzt-mauer.at\/index.php?rest_route=\/wp\/v2\/types\/page"}],"author":[{"embeddable":true,"href":"https:\/\/www.zahnarzt-mauer.at\/index.php?rest_route=\/wp\/v2\/users\/1"}],"replies":[{"embeddable":true,"href":"https:\/\/www.zahnarzt-mauer.at\/index.php?rest_route=%2Fwp%2Fv2%2Fcomments&post=227"}],"version-history":[{"count":1,"href":"https:\/\/www.zahnarzt-mauer.at\/index.php?rest_route=\/wp\/v2\/pages\/227\/revisions"}],"predecessor-version":[{"id":228,"href":"https:\/\/www.zahnarzt-mauer.at\/index.php?rest_route=\/wp\/v2\/pages\/227\/revisions\/228"}],"up":[{"embeddable":true,"href":"https:\/\/www.zahnarzt-mauer.at\/index.php?rest_route=\/wp\/v2\/pages\/12"}],"wp:attachment":[{"href":"https:\/\/www.zahnarzt-mauer.at\/index.php?rest_route=%2Fwp%2Fv2%2Fmedia&parent=227"}],"curies":[{"name":"wp","href":"https:\/\/api.w.org\/{rel}","templated":true}]}}