{"id":194,"date":"2014-11-04T11:48:11","date_gmt":"2014-11-04T09:48:11","guid":{"rendered":"http:\/\/www.zahnarzt-mauer.at\/?page_id=194"},"modified":"2014-12-03T16:03:28","modified_gmt":"2014-12-03T14:03:28","slug":"teil-vollprothesen","status":"publish","type":"page","link":"https:\/\/www.zahnarzt-mauer.at\/?page_id=194","title":{"rendered":"Teil-\/Vollprothesen"},"content":{"rendered":"<p>Dort wo gr\u00f6\u00dfere Teile des Gebisses fehlen, kommen Teilprothesen zur Verzahnung zum Einsatz. Eine aus Metall gegossene Gaumenplatte bildet meist das Grundger\u00fcst oberer Teilprothesen.<br \/>\nIm Unterkiefer verbindet man die Prothesen- s\u00e4ttel durch einen gegossenen B\u00fcgel.<\/p>\n<p>Um v\u00f6llig zahnlose Kiefer mit Zahnersatz zu versorgen, sind umfangreiche Behandlungsma\u00dfnahmen erforderlich.<\/p>\n<p>Oft nicht mehr ersichtliche fr\u00fchere Gegebenheiten wie Farbe, Form und Stellung der Z\u00e4hne sowie die Bissh\u00f6he m\u00fcssen rekonstruiert werden.<\/p>\n<p>Mehr als bei anderen Arten von Zahnersatz ist nach der Eingliederung die Mitarbeit des Patienten f\u00fcr den Erfolg einer totalen Rehabilitation des Kauorgans unerl\u00e4sslich.<\/p>\n<p>Totalprothesen haben im Unterkiefer oft keinen guten Halt. Wir haben die L\u00f6sung f\u00fcr eine sichere und dauerhafte Stabilisierung Ihrer Dritten: MINI-DENTAL-IMPLANTATE<\/p>\n<p><a href=\"https:\/\/www.zahnarzt-mauer.at\/wp-content\/uploads\/2014\/11\/mdi_mandible_2.jpg\"><img loading=\"lazy\" decoding=\"async\" class=\"alignnone size-medium wp-image-177\" src=\"https:\/\/www.zahnarzt-mauer.at\/wp-content\/uploads\/2014\/11\/mdi_mandible_2-300x289.jpg\" alt=\"mdi_mandible_2\" width=\"300\" height=\"289\" \/><\/a><\/p>\n<p>Nie wieder eine lockere Zahnprothese! Freuen Sie sich auf ein Plus an Lebensqualit\u00e4t.<\/p>\n<p>Die wichtigsten Vorteile auf einen Blick:<\/p>\n<ul>\n<li>sicher sitzender Zahnersatz, kein Wackeln oder Verrutschen<\/li>\n<li>keine Angst mehr vor Lockerung beim Sprechen, Lachen, Essen<\/li>\n<li>nur ein Behandlungstermin ohne gr\u00f6\u00dferen chirurgischen Eingriff<\/li>\n<li>kosteng\u00fcnstiger als konventionelle Implantate<\/li>\n<li>Prothese kann in der Regel schon wenige Stunden nach dem Einsetzen belastet und voll genutzt werden<\/li>\n<li>seit 30 Jahren bew\u00e4hrte Qualit\u00e4t<\/li>\n<\/ul>\n","protected":false},"excerpt":{"rendered":"<p>Dort wo gr\u00f6\u00dfere Teile des Gebisses fehlen, kommen Teilprothesen zur Verzahnung zum Einsatz. Eine aus Metall gegossene Gaumenplatte bildet meist das Grundger\u00fcst oberer Teilprothesen. Im Unterkiefer verbindet man die Prothesen- s\u00e4ttel durch einen gegossenen B\u00fcgel. Um v\u00f6llig zahnlose Kiefer mit Zahnersatz zu versorgen, sind umfangreiche Behandlungsma\u00dfnahmen erforderlich. Oft nicht mehr ersichtliche fr\u00fchere Gegebenheiten wie Farbe, [&hellip;]<\/p>\n","protected":false},"author":1,"featured_media":0,"parent":10,"menu_order":8,"comment_status":"closed","ping_status":"open","template":"","meta":{"_exactmetrics_skip_tracking":false,"_exactmetrics_sitenote_active":false,"_exactmetrics_sitenote_note":"","_exactmetrics_sitenote_category":0,"footnotes":""},"class_list":["post-194","page","type-page","status-publish","hentry"],"_links":{"self":[{"href":"https:\/\/www.zahnarzt-mauer.at\/index.php?rest_route=\/wp\/v2\/pages\/194","targetHints":{"allow":["GET"]}}],"collection":[{"href":"https:\/\/www.zahnarzt-mauer.at\/index.php?rest_route=\/wp\/v2\/pages"}],"about":[{"href":"https:\/\/www.zahnarzt-mauer.at\/index.php?rest_route=\/wp\/v2\/types\/page"}],"author":[{"embeddable":true,"href":"https:\/\/www.zahnarzt-mauer.at\/index.php?rest_route=\/wp\/v2\/users\/1"}],"replies":[{"embeddable":true,"href":"https:\/\/www.zahnarzt-mauer.at\/index.php?rest_route=%2Fwp%2Fv2%2Fcomments&post=194"}],"version-history":[{"count":1,"href":"https:\/\/www.zahnarzt-mauer.at\/index.php?rest_route=\/wp\/v2\/pages\/194\/revisions"}],"predecessor-version":[{"id":195,"href":"https:\/\/www.zahnarzt-mauer.at\/index.php?rest_route=\/wp\/v2\/pages\/194\/revisions\/195"}],"up":[{"embeddable":true,"href":"https:\/\/www.zahnarzt-mauer.at\/index.php?rest_route=\/wp\/v2\/pages\/10"}],"wp:attachment":[{"href":"https:\/\/www.zahnarzt-mauer.at\/index.php?rest_route=%2Fwp%2Fv2%2Fmedia&parent=194"}],"curies":[{"name":"wp","href":"https:\/\/api.w.org\/{rel}","templated":true}]}}