{"id":184,"date":"2014-11-04T11:34:17","date_gmt":"2014-11-04T09:34:17","guid":{"rendered":"http:\/\/www.zahnarzt-mauer.at\/?page_id=184"},"modified":"2020-04-22T07:32:23","modified_gmt":"2020-04-22T06:32:23","slug":"kronen","status":"publish","type":"page","link":"https:\/\/www.zahnarzt-mauer.at\/?page_id=184","title":{"rendered":"Kronen und Br\u00fccken"},"content":{"rendered":"<p>Als Krone bezeichnet man den Teil eines Zahnes, der frei aus dem Kiefer herausragt. Die nat\u00fcrliche Krone des Zahnes kann man teilweise oder vollst\u00e4ndig durch eine k\u00fcnstliche Krone ersetzen.<\/p>\n<h3>Keramikkrone<\/h3>\n<p>Die k\u00fcnstliche Krone wird fest mit dem Zahn verbunden und gleicht einer nat\u00fcrlichen Zahnkrone in Gr\u00f6\u00dfe, Form und in Farbe. Die k\u00fcnstliche Krone kann nicht nur am nat\u00fcrlichen Zahn befestigt werden sondern auch auf einem Implantat.<\/p>\n<h3>Das Onlay<\/h3>\n<p>ist eine Teilkrone, die sattelf\u00f6rmig in die Backenz\u00e4hne eingesetzt wird. Im Gegensatz zu einer F\u00fcllung bedeckt und sch\u00fctzt das Onlay die gesamte Kaufl\u00e4che.<br \/>\nMit Kronen l\u00e4sst sich nicht nur das Aussehen missgestalteter Z\u00e4hne verbessern, sie dienen vor allem zum Ersatz ausgedehnter Defekte in der Zahnsubstanz und sch\u00fctzen den Zahn vor weiterem Verfall.<\/p>\n<h3>Br\u00fccken<\/h3>\n<div class=\"entry-content\">\n<p>So wie eine Br\u00fccke ein Tal \u00fcberspannt, so \u00fcberbr\u00fcckt der gleichnamige Zahnersatz eine Zahnl\u00fccke.<\/p>\n<p>Die Metallkonstruktion von Br\u00fccken wird meist aus Goldlegierungen hergestellt und mit Kunststoff oder Porzellan verblendet. (Kunststoffverblendbr\u00fccke oder Keramikverblendbr\u00fccke)<\/p>\n<p>Es gibt auch Br\u00fccken aus Vollkeramik oder Zirkonoxid.<\/p>\n<\/div>\n","protected":false},"excerpt":{"rendered":"<p>Als Krone bezeichnet man den Teil eines Zahnes, der frei aus dem Kiefer herausragt. Die nat\u00fcrliche Krone des Zahnes kann man teilweise oder vollst\u00e4ndig durch eine k\u00fcnstliche Krone ersetzen. Keramikkrone Die k\u00fcnstliche Krone wird fest mit dem Zahn verbunden und gleicht einer nat\u00fcrlichen Zahnkrone in Gr\u00f6\u00dfe, Form und in Farbe. Die k\u00fcnstliche Krone kann nicht [&hellip;]<\/p>\n","protected":false},"author":1,"featured_media":0,"parent":10,"menu_order":4,"comment_status":"closed","ping_status":"closed","template":"","meta":{"_exactmetrics_skip_tracking":false,"_exactmetrics_sitenote_active":false,"_exactmetrics_sitenote_note":"","_exactmetrics_sitenote_category":0,"footnotes":""},"class_list":["post-184","page","type-page","status-publish","hentry"],"_links":{"self":[{"href":"https:\/\/www.zahnarzt-mauer.at\/index.php?rest_route=\/wp\/v2\/pages\/184","targetHints":{"allow":["GET"]}}],"collection":[{"href":"https:\/\/www.zahnarzt-mauer.at\/index.php?rest_route=\/wp\/v2\/pages"}],"about":[{"href":"https:\/\/www.zahnarzt-mauer.at\/index.php?rest_route=\/wp\/v2\/types\/page"}],"author":[{"embeddable":true,"href":"https:\/\/www.zahnarzt-mauer.at\/index.php?rest_route=\/wp\/v2\/users\/1"}],"replies":[{"embeddable":true,"href":"https:\/\/www.zahnarzt-mauer.at\/index.php?rest_route=%2Fwp%2Fv2%2Fcomments&post=184"}],"version-history":[{"count":3,"href":"https:\/\/www.zahnarzt-mauer.at\/index.php?rest_route=\/wp\/v2\/pages\/184\/revisions"}],"predecessor-version":[{"id":422,"href":"https:\/\/www.zahnarzt-mauer.at\/index.php?rest_route=\/wp\/v2\/pages\/184\/revisions\/422"}],"up":[{"embeddable":true,"href":"https:\/\/www.zahnarzt-mauer.at\/index.php?rest_route=\/wp\/v2\/pages\/10"}],"wp:attachment":[{"href":"https:\/\/www.zahnarzt-mauer.at\/index.php?rest_route=%2Fwp%2Fv2%2Fmedia&parent=184"}],"curies":[{"name":"wp","href":"https:\/\/api.w.org\/{rel}","templated":true}]}}