{"id":14,"date":"2014-10-29T17:11:51","date_gmt":"2014-10-29T15:11:51","guid":{"rendered":"http:\/\/www.zahnarzt-mauer.at\/?page_id=14"},"modified":"2014-12-11T15:37:01","modified_gmt":"2014-12-11T14:37:01","slug":"philosophie","status":"publish","type":"page","link":"https:\/\/www.zahnarzt-mauer.at\/?page_id=14","title":{"rendered":"Philosophie"},"content":{"rendered":"<p>Unser Ziel ist eine Wohlf\u00fchlpraxis in der der Patient als Mensch gesehen wird. Schmerzfreiheit wird angestrebt, der Patient kann w\u00e4hrend der Behandlung durch Handheben unterbrechen oder von vornherein eine Bet\u00e4ubung w\u00fcnschen.<\/p>\n","protected":false},"excerpt":{"rendered":"<p>Unser Ziel ist eine Wohlf\u00fchlpraxis in der der Patient als Mensch gesehen wird. Schmerzfreiheit wird angestrebt, der Patient kann w\u00e4hrend der Behandlung durch Handheben unterbrechen oder von vornherein eine Bet\u00e4ubung w\u00fcnschen.<\/p>\n","protected":false},"author":1,"featured_media":0,"parent":0,"menu_order":5,"comment_status":"closed","ping_status":"open","template":"page-templates\/full-width.php","meta":{"_exactmetrics_skip_tracking":false,"_exactmetrics_sitenote_active":false,"_exactmetrics_sitenote_note":"","_exactmetrics_sitenote_category":0,"footnotes":""},"class_list":["post-14","page","type-page","status-publish","hentry"],"_links":{"self":[{"href":"https:\/\/www.zahnarzt-mauer.at\/index.php?rest_route=\/wp\/v2\/pages\/14","targetHints":{"allow":["GET"]}}],"collection":[{"href":"https:\/\/www.zahnarzt-mauer.at\/index.php?rest_route=\/wp\/v2\/pages"}],"about":[{"href":"https:\/\/www.zahnarzt-mauer.at\/index.php?rest_route=\/wp\/v2\/types\/page"}],"author":[{"embeddable":true,"href":"https:\/\/www.zahnarzt-mauer.at\/index.php?rest_route=\/wp\/v2\/users\/1"}],"replies":[{"embeddable":true,"href":"https:\/\/www.zahnarzt-mauer.at\/index.php?rest_route=%2Fwp%2Fv2%2Fcomments&post=14"}],"version-history":[{"count":3,"href":"https:\/\/www.zahnarzt-mauer.at\/index.php?rest_route=\/wp\/v2\/pages\/14\/revisions"}],"predecessor-version":[{"id":355,"href":"https:\/\/www.zahnarzt-mauer.at\/index.php?rest_route=\/wp\/v2\/pages\/14\/revisions\/355"}],"wp:attachment":[{"href":"https:\/\/www.zahnarzt-mauer.at\/index.php?rest_route=%2Fwp%2Fv2%2Fmedia&parent=14"}],"curies":[{"name":"wp","href":"https:\/\/api.w.org\/{rel}","templated":true}]}}