{"id":10,"date":"2014-10-29T17:11:29","date_gmt":"2014-10-29T15:11:29","guid":{"rendered":"http:\/\/www.zahnarzt-mauer.at\/?page_id=10"},"modified":"2023-10-16T08:35:49","modified_gmt":"2023-10-16T07:35:49","slug":"behandlungen","status":"publish","type":"page","link":"https:\/\/www.zahnarzt-mauer.at\/?page_id=10","title":{"rendered":"Behandlungen"},"content":{"rendered":"<table>\n<tbody>\n<tr>\n<td>\n<div class=\"exp-col-content-holder\">\n<p><a class=\"expand-cnt-link\" href=\"#\">Professionelle Mundhygiene<\/a><\/p>\n<div class=\"hidden-content\">\n<p class=\"hiddenContentp\">Wir bieten wieder Mundhygiene an!<br \/>\nBesonders sanft, besonders gr\u00fcndlich!<br \/>\nMontag 15:00-18:15<br \/>\nDienstag 7:30-12:30<br \/>\nMittwoch 7:30-15:00<\/p>\n<\/div>\n<\/div>\n<\/td>\n<\/tr>\n<tr>\n<td>\n<div class=\"exp-col-content-holder\">\n<p><a class=\"expand-cnt-link\" href=\"#\">Service<\/a><\/p>\n<div class=\"hidden-content\">\n<p class=\"hiddenContentp\">Prothesenreparaturen Di und Donnerstag innerhalb eines Tages<br \/>\n-Ratenzahlung<\/p>\n<\/div>\n<\/div>\n<\/td>\n<\/tr>\n<tr>\n<td>\n<div class=\"exp-col-content-holder\">\n<p><a class=\"expand-cnt-link\" href=\"#\">Kronen und Br\u00fccken<\/a><\/p>\n<div class=\"hidden-content\">\n<p class=\"hiddenContentp\">Als Krone bezeichnet man den Teil eines Zahnes, der frei aus dem Kiefer herausragt. Die nat\u00fcrliche Krone des Zahnes kann man teilweise oder vollst\u00e4ndig durch eine k\u00fcnstliche Krone ersetzen.<\/p>\n<div class=\"exp-col-content-holder\">\n<p><a class=\"expand-cnt-link\" href=\"#\">Keramikkrone<\/a><\/p>\n<div class=\"hidden-content\">\n<p class=\"hiddenContentp\">Die k\u00fcnstliche Krone wird fest mit dem Zahn verbunden und gleicht einer nat\u00fcrlichen Zahnkrone in Gr\u00f6\u00dfe, Form und in Farbe. Die k\u00fcnstliche Krone kann nicht nur am nat\u00fcrlichen Zahn befestigt werden sondern auch auf einem Implantat.<\/p>\n<\/div>\n<\/div>\n<div class=\"exp-col-content-holder\">\n<p><a class=\"expand-cnt-link\" href=\"#\">Das Onlay<\/a><\/p>\n<div class=\"hidden-content\">\n<p class=\"hiddenContentp\">ist eine Teilkrone, die sattelf\u00f6rmig in die Backenz\u00e4hne eingesetzt wird. Im Gegensatz zu einer F\u00fcllung bedeckt und sch\u00fctzt das Onlay die gesamte Kaufl\u00e4che. Mit Kronen l\u00e4sst sich nicht nur das Aussehen missgestalteter Z\u00e4hne verbessern, sie dienen vor allem zum Ersatz ausgedehnter Defekte in der Zahnsubstanz und sch\u00fctzen den Zahn vor weiterem Verfall.<\/p>\n<\/div>\n<\/div>\n<div class=\"exp-col-content-holder\">\n<p><a class=\"expand-cnt-link\" href=\"#\">Br\u00fccken<\/a><\/p>\n<div class=\"hidden-content\">\n<p class=\"hiddenContentp\">So wie eine Br\u00fccke ein Tal \u00fcberspannt, so \u00fcberbr\u00fcckt der gleichnamige Zahnersatz eine Zahnl\u00fccke. Die Metallkonstruktion von Br\u00fccken wird meist aus Goldlegierungen hergestellt und mit Kunststoff oder Porzellan verblendet. (Kunststoffverblendbr\u00fccke oder Keramikverblendbr\u00fccke) Es gibt auch Br\u00fccken aus Vollkeramik oder Zirkonoxid.<\/p>\n<\/div>\n<\/div>\n<p class=\"hiddenContentp\">\n<\/div>\n<\/div>\n<\/td>\n<\/tr>\n<tr>\n<td>\n<div class=\"exp-col-content-holder\">\n<p><a class=\"expand-cnt-link\" href=\"#\">Teil-\/Vollprothesen<\/a><\/p>\n<div class=\"hidden-content\">\n<p class=\"hiddenContentp\">Dort wo gr\u00f6\u00dfere Teile des Gebisses fehlen, kommen Teilprothesen zur Verzahnung zum Einsatz. Eine aus Metall gegossene Gaumenplatte bildet meist das Grundger\u00fcst oberer Teilprothesen. Im Unterkiefer verbindet man die Prothesen- s\u00e4ttel durch einen gegossenen B\u00fcgel. Um v\u00f6llig zahnlose Kiefer mit Zahnersatz zu versorgen, sind umfangreiche Behandlungsma\u00dfnahmen erforderlich. Oft nicht mehr ersichtliche fr\u00fchere Gegebenheiten wie Farbe, Form und Stellung der Z\u00e4hne sowie die Bissh\u00f6he m\u00fcssen rekonstruiert werden. Mehr als bei anderen Arten von Zahnersatz ist nach der Eingliederung die Mitarbeit des Patienten f\u00fcr den Erfolg einer totalen Rehabilitation des Kauorgans unerl\u00e4sslich. Totalprothesen haben im Unterkiefer oft keinen guten Halt.<br \/>\nWir haben die L\u00f6sung f\u00fcr eine sichere und dauerhafte Stabilisierung Ihrer Dritten: MINI-DENTAL-IMPLANTATE Nie wieder eine lockere Zahnprothese! Freuen Sie sich auf ein Plus an Lebensqualit\u00e4t. Die wichtigsten Vorteile auf einen Blick:<br \/>\n&#8212; sicher sitzender Zahnersatz, kein Wackeln oder Verrutschen<br \/>\n&#8212; keine Angst mehr vor Lockerung beim Sprechen, Lachen, Essen<br \/>\n&#8212; nur ein Behandlungstermin ohne gr\u00f6\u00dferen chirurgischen Eingriff<br \/>\n&#8212; kosteng\u00fcnstiger als konventionelle Implantate<br \/>\n&#8212; Prothese kann in der Regel schon wenige Stunden nach dem Einsetzen belastet und voll genutzt werden<br \/>\n&#8212; seit 30 Jahren bew\u00e4hrte Qualit\u00e4t<\/p>\n<\/div>\n<\/div>\n<\/td>\n<\/tr>\n<\/tbody>\n<\/table>\n","protected":false},"excerpt":{"rendered":"<p>Professionelle Mundhygiene Wir bieten wieder Mundhygiene an! Besonders sanft, besonders gr\u00fcndlich! Montag 15:00-18:15 Dienstag 7:30-12:30 Mittwoch 7:30-15:00 Service Prothesenreparaturen Di und Donnerstag innerhalb eines Tages -Ratenzahlung Kronen und Br\u00fccken Als Krone bezeichnet man den Teil eines Zahnes, der frei aus dem Kiefer herausragt. Die nat\u00fcrliche Krone des Zahnes kann man teilweise oder vollst\u00e4ndig durch eine [&hellip;]<\/p>\n","protected":false},"author":1,"featured_media":0,"parent":0,"menu_order":3,"comment_status":"closed","ping_status":"closed","template":"page-templates\/full-width.php","meta":{"_exactmetrics_skip_tracking":false,"_exactmetrics_sitenote_active":false,"_exactmetrics_sitenote_note":"","_exactmetrics_sitenote_category":0,"footnotes":""},"class_list":["post-10","page","type-page","status-publish","hentry"],"_links":{"self":[{"href":"https:\/\/www.zahnarzt-mauer.at\/index.php?rest_route=\/wp\/v2\/pages\/10","targetHints":{"allow":["GET"]}}],"collection":[{"href":"https:\/\/www.zahnarzt-mauer.at\/index.php?rest_route=\/wp\/v2\/pages"}],"about":[{"href":"https:\/\/www.zahnarzt-mauer.at\/index.php?rest_route=\/wp\/v2\/types\/page"}],"author":[{"embeddable":true,"href":"https:\/\/www.zahnarzt-mauer.at\/index.php?rest_route=\/wp\/v2\/users\/1"}],"replies":[{"embeddable":true,"href":"https:\/\/www.zahnarzt-mauer.at\/index.php?rest_route=%2Fwp%2Fv2%2Fcomments&post=10"}],"version-history":[{"count":16,"href":"https:\/\/www.zahnarzt-mauer.at\/index.php?rest_route=\/wp\/v2\/pages\/10\/revisions"}],"predecessor-version":[{"id":448,"href":"https:\/\/www.zahnarzt-mauer.at\/index.php?rest_route=\/wp\/v2\/pages\/10\/revisions\/448"}],"wp:attachment":[{"href":"https:\/\/www.zahnarzt-mauer.at\/index.php?rest_route=%2Fwp%2Fv2%2Fmedia&parent=10"}],"curies":[{"name":"wp","href":"https:\/\/api.w.org\/{rel}","templated":true}]}}